{"id":6934,"date":"2024-08-06T21:13:00","date_gmt":"2024-08-06T19:13:00","guid":{"rendered":"https:\/\/www.kriesi.at\/themes\/enfold\/?page_id=1336"},"modified":"2024-11-19T19:08:37","modified_gmt":"2024-11-19T17:08:37","slug":"blog-grid","status":"publish","type":"page","link":"https:\/\/www.smico.fr\/?page_id=6934","title":{"rendered":"PAGE SOGELINK FORMATIONS"},"content":{"rendered":"<div id='av_section_1'  class='avia-section main_color avia-section-default avia-no-border-styling  avia-bg-style-scroll  avia-builder-el-0  el_before_av_section  avia-builder-el-first   container_wrap fullsize' style=' '  ><div class='container' ><main  role=\"main\" itemprop=\"mainContentOfPage\"  class='template-page content  av-content-full alpha units'><div class='post-entry post-entry-type-page post-entry-6934'><div class='entry-content-wrapper clearfix'>\n<div class=\"flex_column av_one_full  flex_column_div av-zero-column-padding first  avia-builder-el-1  el_before_av_one_full  avia-builder-el-first  \" style='border-radius:0px; '><div  style='padding-bottom:10px; color:#002060;' class='av-special-heading av-special-heading-h2 custom-color-heading   avia-builder-el-2  avia-builder-el-no-sibling  '><h2 class='av-special-heading-tag '  itemprop=\"headline\"  >FORMATIONS<\/h2><div class='special-heading-border'><div class='special-heading-inner-border' style='border-color:#002060'><\/div><\/div><\/div><\/div><div class=\"flex_column av_one_full  flex_column_div av-zero-column-padding first  avia-builder-el-3  el_after_av_one_full  el_before_av_one_full  column-top-margin\" style='border-radius:0px; '><p><div  class='avia-image-container  av-styling-    avia-builder-el-4  el_before_av_heading  avia-builder-el-first  avia-align-center '  itemprop=\"image\" itemscope=\"itemscope\" itemtype=\"https:\/\/schema.org\/ImageObject\"  ><div class='avia-image-container-inner'><div class='avia-image-overlay-wrap'><img decoding=\"async\" class='wp-image-14639 avia-img-lazy-loading-not-14639 avia_image' src=\"https:\/\/www.smico.fr\/wp-content\/uploads\/LOGO-SOGELINK-GROUPEMENT-ACHATS.png\" alt='' title='LOGO SOGELINK GROUPEMENT ACHATS' height=\"258\" width=\"446\"  itemprop=\"thumbnailUrl\" srcset=\"https:\/\/www.smico.fr\/wp-content\/uploads\/LOGO-SOGELINK-GROUPEMENT-ACHATS.png 446w, https:\/\/www.smico.fr\/wp-content\/uploads\/LOGO-SOGELINK-GROUPEMENT-ACHATS-300x174.png 300w\" sizes=\"(max-width: 446px) 100vw, 446px\" \/><\/div><\/div><\/div><br \/>\n<div  style='padding-bottom:10px; ' class='av-special-heading av-special-heading-h2  blockquote elegant-quote elegant-centered  avia-builder-el-5  el_after_av_image  avia-builder-el-last  '><h2 class='av-special-heading-tag '  itemprop=\"headline\"  ><span class=\"heading-wrap\">SOGELINK FORMATION<\/span><\/h2><div class='special-heading-border'><div class='special-heading-inner-border' ><\/div><\/div><\/div><\/p><\/div><div class=\"flex_column av_one_full  flex_column_div av-zero-column-padding first  avia-builder-el-6  el_after_av_one_full  el_before_av_one_third  column-top-margin\" style='border-radius:0px; '><section class=\"av_textblock_section \"  itemscope=\"itemscope\" itemtype=\"https:\/\/schema.org\/CreativeWork\" ><div class='avia_textblock  '   itemprop=\"text\" ><div class=\"vc_row wpb_row vc_inner vc_row-fluid\">\n<div class=\"wpb_column vc_column_container vc_col-sm-8\">\n<div class=\"vc_column-inner\">\n<div class=\"wpb_wrapper\">\n<div class=\"wpb_text_column wpb_content_element vc_custom_1560865344608\">\n<h4 class=\"text-&#091;#02182C&#093; font-primary text-&#091;26px&#093; leading-&#091;30px&#093; uppercase pb-&#091;47px&#093; lg:pr-&#091;113px&#093;\"><strong>Notre offre de\u00a0formation au service des\u00a0acteurs du b\u00e2timent et\u00a0des travaux publics<\/strong><\/h4>\n<div  style='height:20px' class='hr hr-invisible   avia-builder-el-8  avia-builder-el-no-sibling '><span class='hr-inner ' ><span class='hr-inner-style'><\/span><\/span><\/div>\n<div class=\"flex flex-col gap-4 lg:pr-&#091;90px&#093;\">\n<div class=\"relative flex items-center justify-between border-b border-opacity-10 border-&#091;#00112B&#093; py-4 lg:pb-4\">\n<ul>\n<li class=\"text-&#091;16px&#093; lg:text-xl text-blue-1 font-primary\"><span style=\"color: #000000;\">AIPR \u2013 DT-DICT<\/span><\/li>\n<\/ul>\n<\/div>\n<div class=\"relative flex items-center justify-between border-b border-opacity-10 border-&#091;#00112B&#093; py-4 lg:pb-4\">\n<ul>\n<li class=\"text-&#091;16px&#093; lg:text-xl text-blue-1 font-primary\"><span style=\"color: #000000;\">Etude de r\u00e9seaux<\/span><\/li>\n<\/ul>\n<ul>\n<li><span style=\"color: #000000;\">DAO \/ VRD \/ Infrastructures<\/span><\/li>\n<\/ul>\n<\/div>\n<ul>\n<li><span style=\"color: #000000;\">Amiante<\/span><\/li>\n<\/ul>\n<ul>\n<li><span style=\"color: #000000;\">Gestion du domaine public<\/span><\/li>\n<\/ul>\n<\/div>\n<\/div>\n<\/div>\n<\/div>\n<\/div>\n<\/div>\n<ul>\n<li><span style=\"color: #000000;\">Topographie \/ G\u00e9or\u00e9f\u00e9rencement \/ D\u00e9tection<\/span><\/li>\n<\/ul>\n<div class=\"vc_row wpb_row vc_inner vc_row-fluid\">\n<div class=\"wpb_column vc_column_container vc_col-sm-8\">\n<div class=\"vc_column-inner\">\n<div class=\"wpb_wrapper\">\n<div class=\"wpb_text_column wpb_content_element vc_custom_1560865344608\">\n<div class=\"flex flex-col gap-4 lg:pr-&#091;90px&#093;\">\n<div class=\"relative flex items-center justify-between border-b border-opacity-10 border-&#091;#00112B&#093; py-4 lg:pb-4\"><\/div>\n<\/div>\n<\/div>\n<\/div>\n<div class=\"wpb_wrapper\">\n<div class=\"wpb_text_column wpb_content_element vc_custom_1560865344608\">\n<div class=\"wpb_wrapper\"><\/div>\n<\/div>\n<\/div>\n<\/div>\n<\/div>\n<\/div>\n<div class=\"wpb_text_column wpb_content_element \">\n<div class=\"wpb_wrapper\"><\/div>\n<\/div>\n<\/div><\/section><\/div><div class=\"flex_column av_one_third  flex_column_div av-zero-column-padding first  avia-builder-el-9  el_after_av_one_full  el_before_av_one_third  column-top-margin\" style='border-radius:0px; '><div  class='avia-button-wrap avia-button-center  avia-builder-el-10  avia-builder-el-no-sibling ' ><a href='https:\/\/www.smico.fr\/wp-content\/uploads\/PLAQUETTE-SOGELINK-FORMATION-2024.pdf'  class='avia-button  avia-color-theme-color  avia-font-color-theme-color  avia-icon_select-no avia-size-x-large avia-position-center '  target=\"_blank\"  rel=\"noopener noreferrer\"  ><span class='avia_iconbox_title' >Contacter SOGELINK<\/span><span class='avia_button_background avia-button avia-color-aqua' ><\/span><\/a><\/div><\/div><div class=\"flex_column av_one_third  flex_column_div av-zero-column-padding   avia-builder-el-11  el_after_av_one_third  el_before_av_one_third  column-top-margin\" style='border-radius:0px; '><div  class='avia-button-wrap avia-button-center  avia-builder-el-12  avia-builder-el-no-sibling ' ><a href='https:\/\/www.smico.fr\/wp-content\/uploads\/CONVENTION-GROUPEMENT-ACHATS-SOGELINK-FORMATION.pdf'  class='avia-button  avia-color-theme-color  avia-font-color-theme-color  avia-icon_select-no avia-size-x-large avia-position-center '  target=\"_blank\"  rel=\"noopener noreferrer\"  ><span class='avia_iconbox_title' >Contrat cadre<\/span><span class='avia_button_background avia-button avia-color-aqua' ><\/span><\/a><\/div><\/div><div class=\"flex_column av_one_third  flex_column_div av-zero-column-padding   avia-builder-el-13  el_after_av_one_third  avia-builder-el-last  column-top-margin\" style='border-radius:0px; '><div  class='avia-button-wrap avia-button-center  avia-builder-el-14  avia-builder-el-no-sibling ' ><a href='https:\/\/www.smico.fr\/wp-content\/uploads\/Tarifs-CATALOGUE-2024-FORMATION-AIPR-ET-RESEAUX-Offre-adherents-S.I.M.C.O.pdf'  class='avia-button  avia-color-theme-color  avia-font-color-theme-color  avia-icon_select-no avia-size-x-large avia-position-center '  target=\"_blank\"  rel=\"noopener noreferrer\"  ><span class='avia_iconbox_title' >Tarifs<\/span><span class='avia_button_background avia-button avia-color-aqua' ><\/span><\/a><\/div><\/div><\/div><\/div><\/main><!-- close content main element --><\/div><\/div><div id='av_section_2'  class='avia-section main_color avia-section-default avia-no-border-styling  avia-bg-style-scroll  avia-builder-el-15  el_after_av_section  el_before_av_section   container_wrap fullsize' style=' '  ><div class='container' ><div class='template-page content  av-content-full alpha units'><div class='post-entry post-entry-type-page post-entry-6934'><div class='entry-content-wrapper clearfix'><\/p>\n<\/div><\/div><\/div><!-- close content main div --><\/div><\/div><div id='av_section_3'  class='avia-section main_color avia-section-default avia-no-border-styling  avia-bg-style-scroll  avia-builder-el-16  el_after_av_section  el_before_av_section   container_wrap fullsize' style=' '  ><div class='container' ><div class='template-page content  av-content-full alpha units'><div class='post-entry post-entry-type-page post-entry-6934'><div class='entry-content-wrapper clearfix'>\n<\/div><\/div><\/div><!-- close content main div --><\/div><\/div><div id='av_section_4'  class='avia-section main_color avia-section-default avia-no-border-styling  avia-bg-style-scroll  avia-builder-el-17  el_after_av_section  avia-builder-el-last   container_wrap fullsize' style=' '  ><div class='container' ><div class='template-page content  av-content-full alpha units'><div class='post-entry post-entry-type-page post-entry-6934'><div class='entry-content-wrapper clearfix'>\n","protected":false},"excerpt":{"rendered":"","protected":false},"author":2,"featured_media":0,"parent":6895,"menu_order":0,"comment_status":"open","ping_status":"open","template":"","meta":{"footnotes":""},"class_list":["post-6934","page","type-page","status-publish","hentry"],"_links":{"self":[{"href":"https:\/\/www.smico.fr\/index.php?rest_route=\/wp\/v2\/pages\/6934","targetHints":{"allow":["GET"]}}],"collection":[{"href":"https:\/\/www.smico.fr\/index.php?rest_route=\/wp\/v2\/pages"}],"about":[{"href":"https:\/\/www.smico.fr\/index.php?rest_route=\/wp\/v2\/types\/page"}],"author":[{"embeddable":true,"href":"https:\/\/www.smico.fr\/index.php?rest_route=\/wp\/v2\/users\/2"}],"replies":[{"embeddable":true,"href":"https:\/\/www.smico.fr\/index.php?rest_route=%2Fwp%2Fv2%2Fcomments&post=6934"}],"version-history":[{"count":12,"href":"https:\/\/www.smico.fr\/index.php?rest_route=\/wp\/v2\/pages\/6934\/revisions"}],"predecessor-version":[{"id":15089,"href":"https:\/\/www.smico.fr\/index.php?rest_route=\/wp\/v2\/pages\/6934\/revisions\/15089"}],"up":[{"embeddable":true,"href":"https:\/\/www.smico.fr\/index.php?rest_route=\/wp\/v2\/pages\/6895"}],"wp:attachment":[{"href":"https:\/\/www.smico.fr\/index.php?rest_route=%2Fwp%2Fv2%2Fmedia&parent=6934"}],"curies":[{"name":"wp","href":"https:\/\/api.w.org\/{rel}","templated":true}]}}