{"id":15535,"date":"2026-04-17T17:10:53","date_gmt":"2026-04-17T15:10:53","guid":{"rendered":"https:\/\/www.smico.fr\/?page_id=15535"},"modified":"2026-04-23T10:23:18","modified_gmt":"2026-04-23T08:23:18","slug":"page-outils-smico","status":"publish","type":"page","link":"https:\/\/www.smico.fr\/?page_id=15535","title":{"rendered":"PAGE OUTILS SMICO"},"content":{"rendered":"<div id='av_section_1'  class='avia-section main_color avia-section-default avia-no-border-styling  avia-full-stretch avia-bg-style-scroll  avia-builder-el-0  avia-builder-el-no-sibling   container_wrap fullsize' style='background-repeat: no-repeat; background-image: url(https:\/\/www.smico.fr\/wp-content\/uploads\/dandelion-5010863_1920.jpg);background-attachment: scroll; background-position: center center;  '  data-section-bg-repeat='stretch'><div class='container' ><main  role=\"main\" itemprop=\"mainContentOfPage\"  class='template-page content  av-content-full alpha units'><div class='post-entry post-entry-type-page post-entry-15535'><div class='entry-content-wrapper clearfix'>\n<div class=\"flex_column av_one_full  flex_column_div av-zero-column-padding first  avia-builder-el-1  el_before_av_one_full  avia-builder-el-first  \" style='border-radius:0px; '><\/div><div class=\"flex_column av_one_full  flex_column_div av-zero-column-padding first  avia-builder-el-2  el_after_av_one_full  el_before_av_one_full  column-top-margin\" style='border-radius:0px; '><div  class='avia-button-wrap avia-button-center  avia-builder-el-3  avia-builder-el-no-sibling ' ><a href='https:\/\/lex-ia.fr\/chatbot-list' class='avia-button avia-button-fullwidth  avia-font-color-theme-color avia-icon_select-no avia-color-blue ' target=\"_blank\" rel=\"noopener noreferrer\"><span class='avia_iconbox_title' >IAssistant COLLECTIVIT\u00c9S<\/span><div class='av-button-description av-button-description-below'><p>Une IA modulaire, sp\u00e9cialis\u00e9e sur tous les domaines du droit des collectivit\u00e9s territoriales<\/p>\n<\/div><span class='avia_button_background avia-button avia-button-fullwidth avia-color-light' ><\/span><\/a><\/div><\/div><div class=\"flex_column av_one_full  flex_column_div av-zero-column-padding first  avia-builder-el-4  el_after_av_one_full  el_before_av_one_full  column-top-margin\" style='border-radius:0px; '><div  class='avia-button-wrap avia-button-center  avia-builder-el-5  avia-builder-el-no-sibling ' ><a href='https:\/\/s2low.org\/' class='avia-button avia-button-fullwidth  avia-font-color-theme-color avia-icon_select-no avia-color-aqua ' target=\"_blank\" rel=\"noopener noreferrer\"><span class='avia_iconbox_title' >S\u00b2LOW<\/span><div class='av-button-description av-button-description-below'><p>T\u00e9l\u00e9transmission des actes en Pr\u00e9fecture<\/p>\n<\/div><span class='avia_button_background avia-button avia-button-fullwidth avia-color-light' ><\/span><\/a><\/div><\/div><div class=\"flex_column av_one_full  flex_column_div av-zero-column-padding first  avia-builder-el-6  el_after_av_one_full  el_before_av_one_full  column-top-margin\" style='border-radius:0px; '><div  class='avia-button-wrap avia-button-center  avia-builder-el-7  avia-builder-el-no-sibling ' ><a href='https:\/\/idelibre.adullact.org\/login' class='avia-button avia-button-fullwidth  avia-font-color-theme-color avia-icon_select-no avia-color-teal ' target=\"_blank\" rel=\"noopener noreferrer\"><span class='avia_iconbox_title' >ID\u00c9LIBRE<\/span><div class='av-button-description av-button-description-below'><p>Convocation des \u00e9lus<\/p>\n<\/div><span class='avia_button_background avia-button avia-button-fullwidth avia-color-light' ><\/span><\/a><\/div><\/div><div class=\"flex_column av_one_full  flex_column_div av-zero-column-padding first  avia-builder-el-8  el_after_av_one_full  el_before_av_one_full  column-top-margin\" style='border-radius:0px; '><\/div><div class=\"flex_column av_one_full  flex_column_div av-zero-column-padding first  avia-builder-el-9  el_after_av_one_full  avia-builder-el-last  column-top-margin\" style='border-radius:0px; '><\/div>\n","protected":false},"excerpt":{"rendered":"","protected":false},"author":2,"featured_media":0,"parent":0,"menu_order":0,"comment_status":"closed","ping_status":"closed","template":"","meta":{"footnotes":""},"class_list":["post-15535","page","type-page","status-publish","hentry"],"_links":{"self":[{"href":"https:\/\/www.smico.fr\/index.php?rest_route=\/wp\/v2\/pages\/15535","targetHints":{"allow":["GET"]}}],"collection":[{"href":"https:\/\/www.smico.fr\/index.php?rest_route=\/wp\/v2\/pages"}],"about":[{"href":"https:\/\/www.smico.fr\/index.php?rest_route=\/wp\/v2\/types\/page"}],"author":[{"embeddable":true,"href":"https:\/\/www.smico.fr\/index.php?rest_route=\/wp\/v2\/users\/2"}],"replies":[{"embeddable":true,"href":"https:\/\/www.smico.fr\/index.php?rest_route=%2Fwp%2Fv2%2Fcomments&post=15535"}],"version-history":[{"count":11,"href":"https:\/\/www.smico.fr\/index.php?rest_route=\/wp\/v2\/pages\/15535\/revisions"}],"predecessor-version":[{"id":15573,"href":"https:\/\/www.smico.fr\/index.php?rest_route=\/wp\/v2\/pages\/15535\/revisions\/15573"}],"wp:attachment":[{"href":"https:\/\/www.smico.fr\/index.php?rest_route=%2Fwp%2Fv2%2Fmedia&parent=15535"}],"curies":[{"name":"wp","href":"https:\/\/api.w.org\/{rel}","templated":true}]}}