{"id":15524,"date":"2026-04-17T17:05:13","date_gmt":"2026-04-17T15:05:13","guid":{"rendered":"https:\/\/www.smico.fr\/?page_id=15524"},"modified":"2026-04-28T15:12:28","modified_gmt":"2026-04-28T13:12:28","slug":"page-plateforme-dachat","status":"publish","type":"page","link":"https:\/\/www.smico.fr\/?page_id=15524","title":{"rendered":"PAGE PLATEFORME D&rsquo;ACHAT"},"content":{"rendered":"<div id='av_section_1'  class='avia-section main_color avia-section-default avia-no-border-styling  avia-full-stretch avia-bg-style-scroll  avia-builder-el-0  avia-builder-el-no-sibling   container_wrap fullsize' style='background-repeat: no-repeat; background-image: url(https:\/\/www.smico.fr\/wp-content\/uploads\/dandelion-5010863_1920.jpg);background-attachment: scroll; background-position: center center;  '  data-section-bg-repeat='stretch'><div class='container' ><main  role=\"main\" itemprop=\"mainContentOfPage\"  class='template-page content  av-content-full alpha units'><div class='post-entry post-entry-type-page post-entry-15524'><div class='entry-content-wrapper clearfix'>\n<div class=\"flex_column av_one_full  flex_column_div av-zero-column-padding first  avia-builder-el-1  el_before_av_one_full  avia-builder-el-first  \" style='border-radius:0px; '><div  class='avia-button-wrap avia-button-center  avia-builder-el-2  avia-builder-el-no-sibling ' ><a href='https:\/\/www.smico.fr\/?page_id=15548' class='avia-button avia-button-fullwidth  avia-font-color-theme-color avia-icon_select-no avia-color-blue '  target=\"_blank\"  rel=\"noopener noreferrer\"  ><span class='avia_iconbox_title' >FOURNITURES<\/span><div class='av-button-description av-button-description-below'><p>Fournitures &amp; Mobilier de bureau &#8211; Courrier &amp; Exp\u00e9dition &#8211; Restauration &amp; Salle de pose &#8211; Services g\u00e9n\u00e9raux &#8211; Mat\u00e9riel informatique<\/p>\n<\/div><span class='avia_button_background avia-button avia-button-fullwidth avia-color-light' ><\/span><\/a><\/div><\/div><div class=\"flex_column av_one_full  flex_column_div av-zero-column-padding first  avia-builder-el-3  el_after_av_one_full  el_before_av_one_full  column-top-margin\" style='border-radius:0px; '><div  class='avia-button-wrap avia-button-center  avia-builder-el-4  avia-builder-el-no-sibling ' ><a href='https:\/\/www.smico.fr\/?page_id=12090' class='avia-button avia-button-fullwidth  avia-font-color-theme-color avia-icon_select-no avia-color-aqua '   ><span class='avia_iconbox_title' >CERTIFICAT D\u2019AUTHENTIFICATION ELECTRONIQUE<\/span><div class='av-button-description av-button-description-below'><p>Bon de commande<\/p>\n<\/div><span class='avia_button_background avia-button avia-button-fullwidth avia-color-light' ><\/span><\/a><\/div><\/div><div class=\"flex_column av_one_full  flex_column_div av-zero-column-padding first  avia-builder-el-5  el_after_av_one_full  el_before_av_one_full  column-top-margin\" style='border-radius:0px; '><div  class='avia-button-wrap avia-button-center  avia-builder-el-6  avia-builder-el-no-sibling ' ><a href='https:\/\/www.smico.fr\/?page_id=12090' class='avia-button avia-button-fullwidth  avia-font-color-theme-color avia-icon_select-no avia-color-teal '  target=\"_blank\"  rel=\"noopener noreferrer\"  ><span class='avia_iconbox_title' >BOITE MAIL SECURIS\u00c9E<\/span><div class='av-button-description av-button-description-below'><p>nom de domaine 17,28\u20ac \/an<\/p>\n<\/div><span class='avia_button_background avia-button avia-button-fullwidth avia-color-light' ><\/span><\/a><\/div><\/div><div class=\"flex_column av_one_full  flex_column_div av-zero-column-padding first  avia-builder-el-7  el_after_av_one_full  avia-builder-el-last  column-top-margin\" style='border-radius:0px; '><div  class='avia-button-wrap avia-button-center  avia-builder-el-8  avia-builder-el-no-sibling ' ><a href='https:\/\/www.smico.fr\/?page_id=12090' class='avia-button avia-button-fullwidth  avia-font-color-theme-color avia-icon_select-no avia-color-blue '  target=\"_blank\"  rel=\"noopener noreferrer\"  ><span class='avia_iconbox_title' >SITE INTERNET<\/span><div class='av-button-description av-button-description-below'><p>site vitrine (10 pages) 129,48\u20ac \/an<\/p>\n<\/div><span class='avia_button_background avia-button avia-button-fullwidth avia-color-light' ><\/span><\/a><\/div><\/div>\n","protected":false},"excerpt":{"rendered":"","protected":false},"author":2,"featured_media":0,"parent":0,"menu_order":0,"comment_status":"closed","ping_status":"closed","template":"","meta":{"footnotes":""},"class_list":["post-15524","page","type-page","status-publish","hentry"],"_links":{"self":[{"href":"https:\/\/www.smico.fr\/index.php?rest_route=\/wp\/v2\/pages\/15524","targetHints":{"allow":["GET"]}}],"collection":[{"href":"https:\/\/www.smico.fr\/index.php?rest_route=\/wp\/v2\/pages"}],"about":[{"href":"https:\/\/www.smico.fr\/index.php?rest_route=\/wp\/v2\/types\/page"}],"author":[{"embeddable":true,"href":"https:\/\/www.smico.fr\/index.php?rest_route=\/wp\/v2\/users\/2"}],"replies":[{"embeddable":true,"href":"https:\/\/www.smico.fr\/index.php?rest_route=%2Fwp%2Fv2%2Fcomments&post=15524"}],"version-history":[{"count":21,"href":"https:\/\/www.smico.fr\/index.php?rest_route=\/wp\/v2\/pages\/15524\/revisions"}],"predecessor-version":[{"id":15542,"href":"https:\/\/www.smico.fr\/index.php?rest_route=\/wp\/v2\/pages\/15524\/revisions\/15542"}],"wp:attachment":[{"href":"https:\/\/www.smico.fr\/index.php?rest_route=%2Fwp%2Fv2%2Fmedia&parent=15524"}],"curies":[{"name":"wp","href":"https:\/\/api.w.org\/{rel}","templated":true}]}}