{"id":15012,"date":"2024-11-06T10:56:28","date_gmt":"2024-11-06T08:56:28","guid":{"rendered":"https:\/\/www.smico.fr\/?page_id=15012"},"modified":"2024-11-19T19:12:33","modified_gmt":"2024-11-19T17:12:33","slug":"page-a-savoir","status":"publish","type":"page","link":"https:\/\/www.smico.fr\/?page_id=15012","title":{"rendered":"PAGE NOS PRESTATIONS"},"content":{"rendered":"<div class='clear'><\/div><div id='sub_menu1'  class='av-submenu-container header_color  avia-builder-el-0  el_before_av_section  avia-builder-el-first  av-sticky-submenu  container_wrap fullsize' style='  z-index:301' ><div class='container av-menu-mobile-disabled '><\/div><\/div><div class='sticky_placeholder'><\/div>\n<div id='av_section_1'  class='avia-section main_color avia-section-default avia-no-border-styling  avia-full-stretch avia-bg-style-scroll  avia-builder-el-1  el_after_av_submenu  el_before_av_button_big   container_wrap fullsize' style='background-repeat: no-repeat; background-image: url(https:\/\/www.smico.fr\/wp-content\/uploads\/dandelion-5010863_1920.jpg);background-attachment: scroll; background-position: center center;  '  data-section-bg-repeat='stretch'><div class='container' ><div class='template-page content  av-content-full alpha units'><div class='post-entry post-entry-type-page post-entry-15012'><div class='entry-content-wrapper clearfix'>\n<div class=\"flex_column av_one_full  flex_column_div av-zero-column-padding first  avia-builder-el-2  el_before_av_three_fourth  avia-builder-el-first  \" style='border-radius:0px; '><section class=\"av_textblock_section \"  itemscope=\"itemscope\" itemtype=\"https:\/\/schema.org\/CreativeWork\" ><div class='avia_textblock  '   itemprop=\"text\" ><div  style='height:30px' class='hr hr-invisible   avia-builder-el-4  el_before_av_hr  avia-builder-el-first '><span class='hr-inner ' ><span class='hr-inner-style'><\/span><\/span><\/div>\n<blockquote>\n<p style=\"text-align: center;\"><span style=\"color: #000080;\">Le SMICO\u00a0<em>Syndicat Mixte pour l\u2019Informatisation des Collectivit\u00e9s<\/em>\u00a0cr\u00e9\u00e9 en 1987 par un groupement de collectivit\u00e9s, accompagne au quotidien les \u00e9lus et agents territoriaux dans leur environnement informatique en perp\u00e9tuel \u00e9volution. Le SMICO est compos\u00e9 de collectivit\u00e9s r\u00e9parties sur l\u2019Orne, le Calvados et la Manche.<\/span><\/p>\n<p style=\"text-align: center;\"><span style=\"color: #000080;\">Le SMICO r\u00e9f\u00e9rence des solutions num\u00e9riques qui sont mises \u00e0 la disposition des collectivit\u00e9s, \u00e0 des tarifs avantageux. Il permet la mise en commun de moyens humains, techniques et financiers dans le but d\u2019en faire b\u00e9n\u00e9ficier l\u2019ensemble de ses adh\u00e9rents.<\/span><\/p>\n<\/blockquote>\n<div  style='height:50px' class='hr hr-invisible   avia-builder-el-5  el_after_av_hr  avia-builder-el-last '><span class='hr-inner ' ><span class='hr-inner-style'><\/span><\/span><\/div>\n<\/div><\/section><\/div><div class=\"flex_column av_three_fourth  flex_column_div av-zero-column-padding first  avia-builder-el-6  el_after_av_one_full  el_before_av_one_fourth  column-top-margin\" style='border-radius:0px; '><div  class='avia-button-wrap avia-button-center  avia-builder-el-7  avia-builder-el-no-sibling ' ><a href='https:\/\/www.smico.fr\/?page_id=12090' class='avia-button avia-button-fullwidth  avia-font-color-theme-color avia-icon_select-no avia-color-blue '  target=\"_blank\"  rel=\"noopener noreferrer\"  ><span class='avia_iconbox_title' >IA JURIDIQUE DES COLLECTIVIT\u00c9S TERRITORIALES<\/span><div class='av-button-description av-button-description-below'><p>PROCHAINEMENT &amp; INCLUS DANS VOTRE ADH\u00c9SION :<br \/>\nUne IA modulaire, sp\u00e9cialis\u00e9e sur tous les domaines du droit des Collectivit\u00e9s Territoriales.<br \/>\nL&rsquo;IA interroge en simultan\u00e9 et en temps r\u00e9el, l&rsquo;ensemble des sources sur chaque domaine de sp\u00e9cialit\u00e9 :<br \/>\nLois<br \/>\nD\u00e9crets<br \/>\nArr\u00eat\u00e9s<br \/>\nJurisprudence<br \/>\nInstructions<br \/>\nCirculaires<br \/>\nR\u00e9ponses minist\u00e9rielles<br \/>\nDoctrine administrative<br \/>\nPosez vos questions et\/ou demandez la r\u00e9daction d&rsquo;une d\u00e9lib\u00e9ration, d&rsquo;un arr\u00eat\u00e9, d&rsquo;un contrat, d&rsquo;un courrier ou de tout autre document \u00e0 votre Assistant IA Juridique !<\/p>\n<\/div><span class='avia_button_background avia-button avia-button-fullwidth avia-color-light' ><\/span><\/a><\/div><\/div><div class=\"flex_column av_one_fourth  flex_column_div av-zero-column-padding   avia-builder-el-8  el_after_av_three_fourth  el_before_av_three_fourth  column-top-margin\" style='border-radius:0px; '><div  class='avia-button-wrap avia-button-center  avia-builder-el-9  avia-builder-el-no-sibling ' ><a href='https:\/\/sms.link\/362354' class='avia-button avia-button-fullwidth  avia-font-color-theme-color avia-icon_select-no avia-color-blue ' target=\"_blank\" rel=\"noopener noreferrer\"><span class='avia_iconbox_title' >Pr\u00e9inscription<\/span><div class='av-button-description av-button-description-below'><p>Cr\u00e9ation d&rsquo;un acc\u00e8s<\/p>\n<\/div><span class='avia_button_background avia-button avia-button-fullwidth avia-color-light' ><\/span><\/a><\/div><\/div><div class=\"flex_column av_three_fourth  flex_column_div av-zero-column-padding first  avia-builder-el-10  el_after_av_one_fourth  el_before_av_one_fourth  column-top-margin\" style='border-radius:0px; '><div  class='avia-button-wrap avia-button-center  avia-builder-el-11  avia-builder-el-no-sibling ' ><a href='https:\/\/www.smico.fr\/?page_id=14169' class='avia-button avia-button-fullwidth  avia-font-color-theme-color avia-icon_select-no avia-color-aqua '  target=\"_blank\"  rel=\"noopener noreferrer\"  ><span class='avia_iconbox_title' >GROUPEMENT D\u2019ACHATS<\/span><div class='av-button-description av-button-description-below'><p>INCLUS DANS VOTRE ADH\u00c9SION : Le smico met \u00e0 votre disposition une plateforme d\u2019achats aupr\u00e8s de Fournisseurs r\u00e9f\u00e9renc\u00e9s avec accords-cadres, pour r\u00e9pondre \u00e0 tous vos besoins en fournitures, solutions et services.<br \/>\nDes tarifs n\u00e9goci\u00e9s \u00e0 la baisse. Jusqu&rsquo;\u00e0 30% d&rsquo;\u00e9conomies r\u00e9alis\u00e9es et garanties !<\/p>\n<\/div><span class='avia_button_background avia-button avia-button-fullwidth avia-color-light' ><\/span><\/a><\/div><\/div><div class=\"flex_column av_one_fourth  flex_column_div av-zero-column-padding   avia-builder-el-12  el_after_av_three_fourth  el_before_av_three_fourth  column-top-margin\" style='border-radius:0px; '><div  class='avia-button-wrap avia-button-center  avia-builder-el-13  avia-builder-el-no-sibling ' ><a href='https:\/\/sms.link\/360181' class='avia-button avia-button-fullwidth  avia-font-color-theme-color avia-icon_select-no avia-color-aqua ' target=\"_blank\" rel=\"noopener noreferrer\"><span class='avia_iconbox_title' >Je suis int\u00e9ress\u00e9(e)<\/span><div class='av-button-description av-button-description-below'><p>Cr\u00e9ation d&rsquo;un acc\u00e8s<\/p>\n<\/div><span class='avia_button_background avia-button avia-button-fullwidth avia-color-light' ><\/span><\/a><\/div><\/div><div class=\"flex_column av_three_fourth  flex_column_div av-zero-column-padding first  avia-builder-el-14  el_after_av_one_fourth  el_before_av_one_fourth  column-top-margin\" style='border-radius:0px; '><div  class='avia-button-wrap avia-button-center  avia-builder-el-15  avia-builder-el-no-sibling ' ><a href='https:\/\/dpo.smico.fr\/login\/index' class='avia-button avia-button-fullwidth  avia-font-color-theme-color avia-icon_select-no avia-color-teal ' target=\"_blank\" rel=\"noopener noreferrer\"><span class='avia_iconbox_title' >RGPD<\/span><div class='av-button-description av-button-description-below'><p>INCLUS DANS VOTRE ADH\u00c9SION : Si ce n\u2019est pas d\u00e9j\u00e0 fait, vous pouvez d\u00e9sormais dans le cadre de votre adh\u00e9sion au SMICO b\u00e9n\u00e9ficier gracieusement de la mise en conformit\u00e9 RGPD, obligation l\u00e9gale pour votre Collectivit\u00e9, et cela sans aucun co\u00fbt suppl\u00e9mentaire.<\/p>\n<p>Cette mise aux normes impos\u00e9es par la CNIL ne vous engendre aucune surcharge de travail, nous nous occupons de tout :<\/p>\n<p>La d\u00e9l\u00e9gation \u00e0 la Protection de Donn\u00e9es aupr\u00e8s de la CNIL<\/p>\n<p>La cartographie, l\u2019audit et la tenue des registres des traitements, sous-traitants et logiciels<\/p>\n<p>Le suivi des demandes de droits et des violations de donn\u00e9es<\/p>\n<p>La documentation, l\u2019information et le conseil<\/p>\n<p>Vous \u00eates int\u00e9ress\u00e9 ? Faites-nous le savoir en prenant une d\u00e9lib\u00e9ration \u00e0 ce propos, voir le mod\u00e8le de d\u00e9lib\u00e9ration en cliquant ci-contre sur le bouton \u00ab Je suis int\u00e9ress\u00e9(e) \u00bb.<\/p>\n<\/div><span class='avia_button_background avia-button avia-button-fullwidth avia-color-light' ><\/span><\/a><\/div><\/div><div class=\"flex_column av_one_fourth  flex_column_div av-zero-column-padding   avia-builder-el-16  el_after_av_three_fourth  avia-builder-el-last  column-top-margin\" style='border-radius:0px; '><div  class='avia-button-wrap avia-button-center  avia-builder-el-17  avia-builder-el-no-sibling ' ><a href='https:\/\/www.smico.fr\/?page_id=13175' class='avia-button avia-button-fullwidth  avia-font-color-theme-color avia-icon_select-no avia-color-teal '  target=\"_blank\"  rel=\"noopener noreferrer\"  ><span class='avia_iconbox_title' >Je suis int\u00e9ress\u00e9(e)<\/span><div class='av-button-description av-button-description-below'><p>Mise en conformit\u00e9<\/p>\n<\/div><span class='avia_button_background avia-button avia-button-fullwidth avia-color-light' ><\/span><\/a><\/div><\/div><div  class='avia-button-wrap avia-button-center  avia-builder-el-18  el_after_av_section  el_before_av_hr ' ><a href='https:\/\/www.smico.fr\/?page_id=11239' class='avia-button avia-button-fullwidth   avia-icon_select-no avia-color-theme-color '  target=\"_blank\"  rel=\"noopener noreferrer\" style='color:#ffffff; ' ><span class='avia_iconbox_title' >VOUS AVEZ UN BESOIN, NOUS AVONS LA SOLUTION !<\/span><div class='av-button-description av-button-description-below'><p>En savoir plus &#8230;<\/p>\n<\/div><span class='avia_button_background avia-button avia-button-fullwidth avia-color-blue' ><\/span><\/a><\/div><\/p>\n<div  style='height:50px' class='hr hr-invisible   avia-builder-el-19  el_after_av_button_big  avia-builder-el-no-sibling '><span class='hr-inner ' ><span class='hr-inner-style'><\/span><\/span><\/div>\n","protected":false},"excerpt":{"rendered":"","protected":false},"author":2,"featured_media":0,"parent":0,"menu_order":0,"comment_status":"closed","ping_status":"closed","template":"","meta":{"footnotes":""},"class_list":["post-15012","page","type-page","status-publish","hentry"],"_links":{"self":[{"href":"https:\/\/www.smico.fr\/index.php?rest_route=\/wp\/v2\/pages\/15012","targetHints":{"allow":["GET"]}}],"collection":[{"href":"https:\/\/www.smico.fr\/index.php?rest_route=\/wp\/v2\/pages"}],"about":[{"href":"https:\/\/www.smico.fr\/index.php?rest_route=\/wp\/v2\/types\/page"}],"author":[{"embeddable":true,"href":"https:\/\/www.smico.fr\/index.php?rest_route=\/wp\/v2\/users\/2"}],"replies":[{"embeddable":true,"href":"https:\/\/www.smico.fr\/index.php?rest_route=%2Fwp%2Fv2%2Fcomments&post=15012"}],"version-history":[{"count":8,"href":"https:\/\/www.smico.fr\/index.php?rest_route=\/wp\/v2\/pages\/15012\/revisions"}],"predecessor-version":[{"id":15251,"href":"https:\/\/www.smico.fr\/index.php?rest_route=\/wp\/v2\/pages\/15012\/revisions\/15251"}],"wp:attachment":[{"href":"https:\/\/www.smico.fr\/index.php?rest_route=%2Fwp%2Fv2%2Fmedia&parent=15012"}],"curies":[{"name":"wp","href":"https:\/\/api.w.org\/{rel}","templated":true}]}}