{"id":14488,"date":"2024-07-08T18:29:19","date_gmt":"2024-07-08T16:29:19","guid":{"rendered":"https:\/\/www.smico.fr\/?page_id=14488"},"modified":"2024-08-21T15:26:42","modified_gmt":"2024-08-21T13:26:42","slug":"page-smico","status":"publish","type":"page","link":"https:\/\/www.smico.fr\/?page_id=14488","title":{"rendered":"PAGE SMICO"},"content":{"rendered":"<div class='clear'><\/div><div id='sub_menu1'  class='av-submenu-container header_color  avia-builder-el-0  el_before_av_section  avia-builder-el-first  av-sticky-submenu  container_wrap fullsize' style='  z-index:301' ><div class='container av-menu-mobile-disabled '><\/div><\/div><div class='sticky_placeholder'><\/div>\n<div id='av_section_1'  class='avia-section main_color avia-section-default avia-no-border-styling  avia-bg-style-scroll  avia-builder-el-1  el_after_av_submenu  el_before_av_section   container_wrap fullsize' style=' '  ><div class='container' ><div class='template-page content  av-content-full alpha units'><div class='post-entry post-entry-type-page post-entry-14488'><div class='entry-content-wrapper clearfix'>\n<div class=\"flex_column av_one_full  flex_column_div av-zero-column-padding first  avia-builder-el-2  el_before_av_one_full  avia-builder-el-first  \" style='border-radius:0px; '><div  style='padding-bottom:10px; color:#002060;' class='av-special-heading av-special-heading-h2 custom-color-heading   avia-builder-el-3  avia-builder-el-no-sibling  '><h2 class='av-special-heading-tag '  itemprop=\"headline\"  >D\u00c9L\u00c9GATION RGPD<\/h2><div class='special-heading-border'><div class='special-heading-inner-border' style='border-color:#002060'><\/div><\/div><\/div><\/div><div class=\"flex_column av_one_full  flex_column_div av-zero-column-padding first  avia-builder-el-4  el_after_av_one_full  el_before_av_one_full  column-top-margin\" style='border-radius:0px; '><p><div  class='avia-image-container  av-styling-    avia-builder-el-5  el_before_av_heading  avia-builder-el-first  avia-align-center '  itemprop=\"image\" itemscope=\"itemscope\" itemtype=\"https:\/\/schema.org\/ImageObject\"  ><div class='avia-image-container-inner'><div class='avia-image-overlay-wrap'><img decoding=\"async\" class='wp-image-14484 avia-img-lazy-loading-not-14484 avia_image' src=\"https:\/\/www.smico.fr\/wp-content\/uploads\/LOGO-SMICO-1.png\" alt='' title='LOGO SMICO' height=\"260\" width=\"446\"  itemprop=\"thumbnailUrl\" srcset=\"https:\/\/www.smico.fr\/wp-content\/uploads\/LOGO-SMICO-1.png 446w, https:\/\/www.smico.fr\/wp-content\/uploads\/LOGO-SMICO-1-300x175.png 300w\" sizes=\"(max-width: 446px) 100vw, 446px\" \/><\/div><\/div><\/div><br \/>\n<div  style='padding-bottom:10px; ' class='av-special-heading av-special-heading-h2  blockquote elegant-quote elegant-centered  avia-builder-el-6  el_after_av_image  avia-builder-el-last  '><h2 class='av-special-heading-tag '  itemprop=\"headline\"  ><span class=\"heading-wrap\">SMICO<\/span><\/h2><div class='special-heading-border'><div class='special-heading-inner-border' ><\/div><\/div><\/div><\/p><\/div><div class=\"flex_column av_one_full  flex_column_div av-zero-column-padding first  avia-builder-el-7  el_after_av_one_full  el_before_av_one_third  column-top-margin\" style='border-radius:0px; '><section class=\"av_textblock_section \"  itemscope=\"itemscope\" itemtype=\"https:\/\/schema.org\/CreativeWork\" ><div class='avia_textblock  '   itemprop=\"text\" ><div class=\"vc_row wpb_row vc_inner vc_row-fluid\">\n<div class=\"wpb_column vc_column_container vc_col-sm-8\">\n<div class=\"vc_column-inner\">\n<div class=\"wpb_wrapper\">\n<div class=\"wpb_text_column wpb_content_element vc_custom_1560865344608\">\n<div class=\"wpb_wrapper\">\n<h4 class=\"p1\"><strong>VOUS SOUHAITEZ METTRE VOTRE COLLECTIVIT\u00c9 EN CONFORMIT\u00c9 AVEC LE RGPD ?<\/strong><\/h4>\n<p><span style=\"color: #000000;\">Respecter les r\u00e8gles de protection des donn\u00e9es \u00e0 caract\u00e8re personnel est un facteur de transparence et de confiance \u00e0 l\u2019\u00e9gard des administr\u00e9s. C\u2019est aussi un gage de s\u00e9curit\u00e9 juridique pour les \u00e9lus responsables des traitements.<\/span><\/p>\n<p><span style=\"color: #000000;\">Si ce n&rsquo;est pas d\u00e9j\u00e0 fait, vous pouvez d\u00e9sormais dans le cadre de votre adh\u00e9sion au SMICO b\u00e9n\u00e9ficier gracieusement de la mise en conformit\u00e9 RGPD, obligation l\u00e9gale pour votre Collectivit\u00e9, et cela sans aucun co\u00fbt suppl\u00e9mentaire.<\/span><\/p>\n<p><span style=\"color: #000000;\">Cette mise aux normes impos\u00e9es par la CNIL ne vous engendre aucune surcharge de travail, nous nous occupons de tout :<\/span><\/p>\n<p><span style=\"color: #000000;\">&#8211; La d\u00e9l\u00e9gation \u00e0 la Protection de Donn\u00e9es aupr\u00e8s de la Commission Nationale de l&rsquo;Informatique et des Libert\u00e9s<\/span><\/p>\n<p><span style=\"color: #000000;\">&#8211;\u00a0 La cartographie, l&rsquo;audit et la tenue des registres des traitements, des sous-traitants et des applications<\/span><\/p>\n<p><span style=\"color: #000000;\">&#8211; Le suivi des demandes de droits et des violations de donn\u00e9es.<\/span><\/p>\n<p><span style=\"color: #000000;\">&#8211; La documentation, l&rsquo;information et le conseil<\/span><\/p>\n<p><span style=\"color: #000000;\">Vous \u00eates int\u00e9ress\u00e9 ? Faites-nous le savoir en prenant une d\u00e9lib\u00e9ration \u00e0 ce propos, voir le mod\u00e8le de d\u00e9lib\u00e9ration en cliquant ci-dessous sur le bouton \u00ab\u00a0Mod\u00e8le D\u00e9lib\u00e9ration\u00a0\u00bb.<\/span><\/p>\n<\/div>\n<\/div>\n<\/div>\n<\/div>\n<\/div>\n<\/div>\n<div class=\"wpb_text_column wpb_content_element \">\n<div class=\"wpb_wrapper\"><\/div>\n<\/div>\n<\/div><\/section><\/div><div class=\"flex_column av_one_third  flex_column_div av-zero-column-padding first  avia-builder-el-9  el_after_av_one_full  el_before_av_one_third  column-top-margin\" style='border-radius:0px; '><div  class='avia-button-wrap avia-button-center  avia-builder-el-10  avia-builder-el-no-sibling ' ><a href='https:\/\/www.smico.fr\/?page_id=11239'  class='avia-button  avia-color-theme-color  avia-font-color-theme-color  avia-icon_select-no avia-size-x-large avia-position-center '  target=\"_blank\"  rel=\"noopener noreferrer\"  ><span class='avia_iconbox_title' >Nous contacter<\/span><span class='avia_button_background avia-button avia-color-aqua' ><\/span><\/a><\/div><\/div><div class=\"flex_column av_one_third  flex_column_div av-zero-column-padding   avia-builder-el-11  el_after_av_one_third  avia-builder-el-last  column-top-margin\" style='border-radius:0px; '><div  class='avia-button-wrap avia-button-center  avia-builder-el-12  avia-builder-el-no-sibling ' ><a href='https:\/\/www.smico.fr\/wp-content\/uploads\/MODELE-DELIBERATION-RGPD-PROSPECTS.docx'  class='avia-button  avia-color-theme-color  avia-font-color-theme-color  avia-icon_select-no avia-size-x-large avia-position-center '  target=\"_blank\"  rel=\"noopener noreferrer\"  ><span class='avia_iconbox_title' >Mod\u00e8le D\u00e9lib\u00e9ration<\/span><span class='avia_button_background avia-button avia-color-aqua' ><\/span><\/a><\/div><\/div><\/div><\/div><\/div><!-- close content main div --><\/div><\/div><div id='av_section_2'  class='avia-section main_color avia-section-default avia-no-border-styling  avia-bg-style-scroll  avia-builder-el-13  el_after_av_section  el_before_av_section   container_wrap fullsize' style=' '  ><div class='container' ><div class='template-page content  av-content-full alpha units'><div class='post-entry post-entry-type-page post-entry-14488'><div class='entry-content-wrapper clearfix'><\/p>\n<\/div><\/div><\/div><!-- close content main div --><\/div><\/div><div id='av_section_3'  class='avia-section main_color avia-section-default avia-no-border-styling  avia-bg-style-scroll  avia-builder-el-14  el_after_av_section  el_before_av_section   container_wrap fullsize' style=' '  ><div class='container' ><div class='template-page content  av-content-full alpha units'><div class='post-entry post-entry-type-page post-entry-14488'><div class='entry-content-wrapper clearfix'>\n<\/div><\/div><\/div><!-- close content main div --><\/div><\/div><div id='av_section_4'  class='avia-section main_color avia-section-default avia-no-border-styling  avia-bg-style-scroll  avia-builder-el-15  el_after_av_section  avia-builder-el-last   container_wrap fullsize' style=' '  ><div class='container' ><div class='template-page content  av-content-full alpha units'><div class='post-entry post-entry-type-page post-entry-14488'><div class='entry-content-wrapper clearfix'>\n","protected":false},"excerpt":{"rendered":"","protected":false},"author":2,"featured_media":0,"parent":0,"menu_order":0,"comment_status":"closed","ping_status":"closed","template":"","meta":{"footnotes":""},"class_list":["post-14488","page","type-page","status-publish","hentry"],"_links":{"self":[{"href":"https:\/\/www.smico.fr\/index.php?rest_route=\/wp\/v2\/pages\/14488","targetHints":{"allow":["GET"]}}],"collection":[{"href":"https:\/\/www.smico.fr\/index.php?rest_route=\/wp\/v2\/pages"}],"about":[{"href":"https:\/\/www.smico.fr\/index.php?rest_route=\/wp\/v2\/types\/page"}],"author":[{"embeddable":true,"href":"https:\/\/www.smico.fr\/index.php?rest_route=\/wp\/v2\/users\/2"}],"replies":[{"embeddable":true,"href":"https:\/\/www.smico.fr\/index.php?rest_route=%2Fwp%2Fv2%2Fcomments&post=14488"}],"version-history":[{"count":8,"href":"https:\/\/www.smico.fr\/index.php?rest_route=\/wp\/v2\/pages\/14488\/revisions"}],"predecessor-version":[{"id":14804,"href":"https:\/\/www.smico.fr\/index.php?rest_route=\/wp\/v2\/pages\/14488\/revisions\/14804"}],"wp:attachment":[{"href":"https:\/\/www.smico.fr\/index.php?rest_route=%2Fwp%2Fv2%2Fmedia&parent=14488"}],"curies":[{"name":"wp","href":"https:\/\/api.w.org\/{rel}","templated":true}]}}