{"id":12601,"date":"2022-10-06T17:08:47","date_gmt":"2022-10-06T15:08:47","guid":{"rendered":"https:\/\/www.smico.fr\/?page_id=12601"},"modified":"2024-09-23T17:47:10","modified_gmt":"2024-09-23T15:47:10","slug":"assistance","status":"publish","type":"page","link":"https:\/\/www.smico.fr\/?page_id=12601","title":{"rendered":"ASSISTANCE"},"content":{"rendered":"<div class=\"flex_column av_one_fourth  flex_column_div av-zero-column-padding first  avia-builder-el-0  el_before_av_three_fourth  avia-builder-el-first  \" style='border-radius:0px; '><article  class=\"iconbox iconbox_top main_color    avia-builder-el-1  avia-builder-el-no-sibling  \"  itemscope=\"itemscope\" itemtype=\"https:\/\/schema.org\/CreativeWork\" ><div class=\"iconbox_content\"><header class=\"entry-content-header\"><div class=\"iconbox_icon heading-color\" aria-hidden='true' data-av_icon='\ue80b' data-av_iconfont='entypo-fontello'  style='background-color:#002060; border:1px solid #002060; ' ><\/div><h3 class='iconbox_content_title  '  itemprop=\"headline\"   style='color:#000080; font-size:25px; '>ASSISTANCE<\/h3><\/header><div class='iconbox_content_container  '  itemprop=\"text\"   style='font-size:20px; '><\/div><\/div><footer class=\"entry-footer\"><\/footer><\/article><\/div>\n<div class=\"flex_column av_three_fourth  flex_column_div av-zero-column-padding   avia-builder-el-2  el_after_av_one_fourth  el_before_av_one_full  \" style='background: #002060; background-color:#002060; border-radius:0px; '><section class=\"av_textblock_section \"  itemscope=\"itemscope\" itemtype=\"https:\/\/schema.org\/CreativeWork\" ><div class='avia_textblock  '   itemprop=\"text\" ><div  style='height:30px' class='hr hr-invisible   avia-builder-el-4  el_before_av_hr  avia-builder-el-first '><span class='hr-inner ' ><span class='hr-inner-style'><\/span><\/span><\/div>\n<blockquote>\n<p style=\"text-align: center;\"><span style=\"color: #ffffff;\">Le SMICO\u00a0<em>Syndicat Mixte pour l\u2019Informatisation des Collectivit\u00e9s<\/em>\u00a0cr\u00e9\u00e9 en 1987 par un groupement de collectivit\u00e9s, accompagne au quotidien les \u00e9lus et agents territoriaux dans leur environnement informatique en perp\u00e9tuel \u00e9volution. Le SMICO est compos\u00e9 de collectivit\u00e9s r\u00e9parties sur l\u2019Orne, le Calvados et la Manche.<\/span><\/p>\n<p style=\"text-align: center;\"><span style=\"color: #ffffff;\">Le SMICO r\u00e9f\u00e9rence des solutions num\u00e9riques qui sont mises \u00e0 la disposition des collectivit\u00e9s, \u00e0 des tarifs avantageux. Il permet la mise en commun de moyens humains, techniques et financiers dans le but d\u2019en faire b\u00e9n\u00e9ficier l\u2019ensemble de ses adh\u00e9rents.<\/span><\/p>\n<\/blockquote>\n<div  style='height:50px' class='hr hr-invisible   avia-builder-el-5  el_after_av_hr  avia-builder-el-last '><span class='hr-inner ' ><span class='hr-inner-style'><\/span><\/span><\/div>\n<\/div><\/section><\/div>\n<div class=\"flex_column av_one_full  flex_column_div av-zero-column-padding first  avia-builder-el-6  el_after_av_three_fourth  el_before_av_hr  column-top-margin\" style='border-radius:0px; '><p><div  class='avia-button-wrap avia-button-center  avia-builder-el-7  el_before_av_hr  avia-builder-el-first ' ><a href='https:\/\/docs.google.com\/forms\/d\/e\/1FAIpQLSfuovCVpnscz1zd9dSNNfjWekf5OVBrObknNd0jj-5K6KkRqQ\/viewform' class='avia-button avia-button-fullwidth  avia-font-color-theme-color avia-icon_select-no avia-color-teal ' target=\"_blank\" rel=\"noopener noreferrer\"><span class='avia_iconbox_title' >JE SOUHAITE \u00caTRE CONTACT\u00c9<\/span><span class='avia_button_background avia-button avia-button-fullwidth avia-color-light' ><\/span><\/a><\/div><br \/>\n<div  style='height:50px' class='hr hr-invisible   avia-builder-el-8  el_after_av_button_big  el_before_av_button_big  avia-builder-el-no-sibling '><span class='hr-inner ' ><span class='hr-inner-style'><\/span><\/span><\/div><br \/>\n<div  class='avia-button-wrap avia-button-center  avia-builder-el-9  el_after_av_hr  el_before_av_hr ' ><a href='https:\/\/www.898.tv\/smico' class='avia-button avia-button-fullwidth  avia-font-color-theme-color avia-icon_select-no avia-color-blue ' target=\"_blank\" rel=\"noopener noreferrer\"><span class='avia_iconbox_title' >TEAMVIEWER<\/span><span class='avia_button_background avia-button avia-button-fullwidth avia-color-light' ><\/span><\/a><\/div><br \/>\n<div  style='height:50px' class='hr hr-invisible   avia-builder-el-10  el_after_av_button_big  el_before_av_button_big  avia-builder-el-no-sibling '><span class='hr-inner ' ><span class='hr-inner-style'><\/span><\/span><\/div><br \/>\n<div  class='avia-button-wrap avia-button-center  avia-builder-el-11  el_after_av_hr  avia-builder-el-last ' ><a href='https:\/\/anydesk.com\/fr' class='avia-button avia-button-fullwidth  avia-font-color-theme-color avia-icon_select-no avia-color-green ' target=\"_blank\" rel=\"noopener noreferrer\"><span class='avia_iconbox_title' >ANYDESK<\/span><span class='avia_button_background avia-button avia-button-fullwidth avia-color-light' ><\/span><\/a><\/div><\/p><\/div>\n<div   class='hr hr-default   avia-builder-el-12  el_after_av_one_full  el_before_av_button_big  avia-builder-el-last '><span class='hr-inner ' ><span class='hr-inner-style'><\/span><\/span><\/div>\n<div  class='avia-button-wrap avia-button-center  avia-builder-el-13  el_after_av_hr  el_before_av_hr ' ><a href='https:\/\/www.smico.fr\/?page_id=6939' class='avia-button avia-button-fullwidth   avia-icon_select-no avia-color-aqua '  style='color:#002060; ' ><span class='avia_iconbox_title' >VOUS AVEZ UN BESOIN, NOUS AVONS LA SOLUTION !<\/span><div class='av-button-description av-button-description-below'><p>En savoir plus &#8230;<\/p>\n<\/div><span class='avia_button_background avia-button avia-button-fullwidth avia-color-blue' ><\/span><\/a><\/div>\n<div  style='height:50px' class='hr hr-invisible   avia-builder-el-14  el_after_av_button_big  avia-builder-el-no-sibling '><span class='hr-inner ' ><span class='hr-inner-style'><\/span><\/span><\/div>\n","protected":false},"excerpt":{"rendered":"","protected":false},"author":2,"featured_media":0,"parent":0,"menu_order":0,"comment_status":"closed","ping_status":"closed","template":"","meta":{"footnotes":""},"class_list":["post-12601","page","type-page","status-publish","hentry"],"_links":{"self":[{"href":"https:\/\/www.smico.fr\/index.php?rest_route=\/wp\/v2\/pages\/12601","targetHints":{"allow":["GET"]}}],"collection":[{"href":"https:\/\/www.smico.fr\/index.php?rest_route=\/wp\/v2\/pages"}],"about":[{"href":"https:\/\/www.smico.fr\/index.php?rest_route=\/wp\/v2\/types\/page"}],"author":[{"embeddable":true,"href":"https:\/\/www.smico.fr\/index.php?rest_route=\/wp\/v2\/users\/2"}],"replies":[{"embeddable":true,"href":"https:\/\/www.smico.fr\/index.php?rest_route=%2Fwp%2Fv2%2Fcomments&post=12601"}],"version-history":[{"count":8,"href":"https:\/\/www.smico.fr\/index.php?rest_route=\/wp\/v2\/pages\/12601\/revisions"}],"predecessor-version":[{"id":14885,"href":"https:\/\/www.smico.fr\/index.php?rest_route=\/wp\/v2\/pages\/12601\/revisions\/14885"}],"wp:attachment":[{"href":"https:\/\/www.smico.fr\/index.php?rest_route=%2Fwp%2Fv2%2Fmedia&parent=12601"}],"curies":[{"name":"wp","href":"https:\/\/api.w.org\/{rel}","templated":true}]}}