{"id":12090,"date":"2022-08-19T16:57:00","date_gmt":"2022-08-19T14:57:00","guid":{"rendered":"https:\/\/www.smico.fr\/?page_id=12090"},"modified":"2026-04-23T10:16:50","modified_gmt":"2026-04-23T08:16:50","slug":"page-hisseo","status":"publish","type":"page","link":"https:\/\/www.smico.fr\/?page_id=12090","title":{"rendered":"PAGE HISS\u00c9O"},"content":{"rendered":"<div class='clear'><\/div><div id='sub_menu1'  class='av-submenu-container main_color  avia-builder-el-0  el_before_av_section  avia-builder-el-first  av-sticky-submenu  container_wrap fullsize' style='  z-index:301' ><div class='container av-menu-mobile-disabled '><\/div><\/div><div class='sticky_placeholder'><\/div>\n<div id='av_section_1'  class='avia-section main_color avia-section-default avia-no-border-styling  avia-full-stretch avia-bg-style-scroll  avia-builder-el-1  el_after_av_submenu  avia-builder-el-last   container_wrap fullsize' style='background-repeat: no-repeat; background-image: url(https:\/\/www.smico.fr\/wp-content\/uploads\/dandelion-5010863_1920.jpg);background-attachment: scroll; background-position: center center;  '  data-section-bg-repeat='stretch'><div class='container' ><div class='template-page content  av-content-full alpha units'><div class='post-entry post-entry-type-page post-entry-12090'><div class='entry-content-wrapper clearfix'>\n<div class=\"flex_column av_one_half  flex_column_div av-zero-column-padding first  avia-builder-el-2  el_before_av_one_half  avia-builder-el-first  \" style='border-radius:0px; '><div  class='avia-button-wrap avia-button-center  avia-builder-el-3  avia-builder-el-no-sibling ' ><a href='https:\/\/www.smico.fr\/?page_id=15524' class='avia-button avia-button-fullwidth  avia-font-color-theme-color avia-icon_select-no avia-color-blue '  target=\"_blank\"  rel=\"noopener noreferrer\"  ><span class='avia_iconbox_title' >PLATEFORME D\u2019ACHAT<\/span><div class='av-button-description av-button-description-below'><p>Remises sur vos achats &#8211; Fournisseurs Partenaires r\u00e9f\u00e9renc\u00e9s<\/p>\n<\/div><span class='avia_button_background avia-button avia-button-fullwidth avia-color-light' ><\/span><\/a><\/div><\/div><div class=\"flex_column av_one_half  flex_column_div av-zero-column-padding   avia-builder-el-4  el_after_av_one_half  el_before_av_one_half  \" style='border-radius:0px; '><div  class='avia-button-wrap avia-button-center  avia-builder-el-5  avia-builder-el-no-sibling ' ><a href='https:\/\/www.smico.fr\/?page_id=15535' class='avia-button avia-button-fullwidth  avia-font-color-theme-color avia-icon_select-no avia-color-blue '  target=\"_blank\"  rel=\"noopener noreferrer\"  ><span class='avia_iconbox_title' >OUTILS SMICO<\/span><div class='av-button-description av-button-description-below'><p>Solutions num\u00e9riques incluses dans l&rsquo;adh\u00e9sion du SMICO<\/p>\n<\/div><span class='avia_button_background avia-button avia-button-fullwidth avia-color-light' ><\/span><\/a><\/div><\/div><div class=\"flex_column av_one_half  flex_column_div av-zero-column-padding first  avia-builder-el-6  el_after_av_one_half  el_before_av_one_half  column-top-margin\" style='border-radius:0px; '><div  class='avia-button-wrap avia-button-center  avia-builder-el-7  avia-builder-el-no-sibling ' ><a href='https:\/\/dpo.smico.fr\/login\/index' class='avia-button avia-button-fullwidth  avia-font-color-theme-color avia-icon_select-no avia-color-aqua ' target=\"_blank\" rel=\"noopener noreferrer\"><span class='avia_iconbox_title' >RGPD<\/span><div class='av-button-description av-button-description-below'><p>Registres des Traitements, des Sous-Traitants et des Logiciels.<\/p>\n<\/div><span class='avia_button_background avia-button avia-button-fullwidth avia-color-light' ><\/span><\/a><\/div><\/div><div class=\"flex_column av_one_half  flex_column_div av-zero-column-padding   avia-builder-el-8  el_after_av_one_half  el_before_av_one_half  column-top-margin\" style='border-radius:0px; '><div  class='avia-button-wrap avia-button-center  avia-builder-el-9  avia-builder-el-no-sibling ' ><a href='https:\/\/www.smico.fr\/?page_id=12601' class='avia-button avia-button-fullwidth  avia-font-color-theme-color avia-icon_select-no avia-color-aqua '  target=\"_blank\"  rel=\"noopener noreferrer\"  ><span class='avia_iconbox_title' >ASSISTANCE<\/span><div class='av-button-description av-button-description-below'><p>Demande d&rsquo;intervention &amp; T\u00e9l\u00e9maintenance<\/p>\n<\/div><span class='avia_button_background avia-button avia-button-fullwidth avia-color-light' ><\/span><\/a><\/div><\/div><div class=\"flex_column av_one_half  flex_column_div av-zero-column-padding first  avia-builder-el-10  el_after_av_one_half  el_before_av_one_half  column-top-margin\" style='border-radius:0px; '><div  class='avia-button-wrap avia-button-center  avia-builder-el-11  avia-builder-el-no-sibling ' ><a href='https:\/\/www.fast-docaposte.fr\/espace-clients\/' class='avia-button avia-button-fullwidth  avia-font-color-theme-color avia-icon_select-no avia-color-teal ' target=\"_blank\" rel=\"noopener noreferrer\"><span class='avia_iconbox_title' >DOCAPOSTE<\/span><div class='av-button-description av-button-description-below'><p>D\u00e9mat\u00e9rialisation des actes &amp; Signature des flux comptables<\/p>\n<\/div><span class='avia_button_background avia-button avia-button-fullwidth avia-color-light' ><\/span><\/a><\/div><\/div><div class=\"flex_column av_one_half  flex_column_div av-zero-column-padding   avia-builder-el-12  el_after_av_one_half  el_before_av_one_half  column-top-margin\" style='border-radius:0px; '><div  class='avia-button-wrap avia-button-center  avia-builder-el-13  avia-builder-el-no-sibling ' ><a href='https:\/\/portail.dgfip.finances.gouv.fr\/portail\/accueilIAM.pl' class='avia-button avia-button-fullwidth  avia-font-color-theme-color avia-icon_select-no avia-color-teal ' target=\"_blank\" rel=\"noopener noreferrer\"><span class='avia_iconbox_title' >H\u00c9LIOS<\/span><div class='av-button-description av-button-description-below'><p>D\u00e9p\u00f4t des flux comptables<\/p>\n<\/div><span class='avia_button_background avia-button avia-button-fullwidth avia-color-light' ><\/span><\/a><\/div><\/div><div class=\"flex_column av_one_half  flex_column_div av-zero-column-padding first  avia-builder-el-14  el_after_av_one_half  el_before_av_one_half  column-top-margin\" style='border-radius:0px; '><div  class='avia-button-wrap avia-button-center  avia-builder-el-15  avia-builder-el-no-sibling ' ><a href='https:\/\/www.smico.fr\/?page_id=6178' class='avia-button avia-button-fullwidth  avia-font-color-theme-color avia-icon_select-no avia-color-blue '  target=\"_blank\"  rel=\"noopener noreferrer\"  ><span class='avia_iconbox_title' >RESSOURCES HUMAINES<\/span><div class='av-button-description av-button-description-below'><p>Vos d\u00e9clarations sociales<\/p>\n<\/div><span class='avia_button_background avia-button avia-button-fullwidth avia-color-light' ><\/span><\/a><\/div><\/div><div class=\"flex_column av_one_half  flex_column_div av-zero-column-padding   avia-builder-el-16  el_after_av_one_half  el_before_av_one_half  column-top-margin\" style='border-radius:0px; '><div  class='avia-button-wrap avia-button-center  avia-builder-el-17  avia-builder-el-no-sibling ' ><a href='https:\/\/channel.eksae.fr\/login?service=https%3A%2F%2Fchannel.eksae.fr%2Fnano-socle%2Ffaces%2Faccueil' class='avia-button avia-button-fullwidth  avia-font-color-theme-color avia-icon_select-no avia-color-blue ' target=\"_blank\" rel=\"noopener noreferrer\"><span class='avia_iconbox_title' >EKSA\u00c9<\/span><div class='av-button-description av-button-description-below'><p>Applications Eksa\u00e9 en mode Saas<\/p>\n<\/div><span class='avia_button_background avia-button avia-button-fullwidth avia-color-light' ><\/span><\/a><\/div><\/div><div class=\"flex_column av_one_half  flex_column_div av-zero-column-padding first  avia-builder-el-18  el_after_av_one_half  el_before_av_one_half  column-top-margin\" style='border-radius:0px; '><div  class='avia-button-wrap avia-button-center  avia-builder-el-19  avia-builder-el-no-sibling ' ><a href='https:\/\/repertoire-electoral.insee.fr\/' class='avia-button avia-button-fullwidth  avia-font-color-theme-color avia-icon_select-no avia-color-aqua ' target=\"_blank\" rel=\"noopener noreferrer\"><span class='avia_iconbox_title' >\u00c9LIRE<\/span><div class='av-button-description av-button-description-below'><p>Registre \u00c9lectoral Unique de l&rsquo;Insee<\/p>\n<\/div><span class='avia_button_background avia-button avia-button-fullwidth avia-color-light' ><\/span><\/a><\/div><\/div><div class=\"flex_column av_one_half  flex_column_div av-zero-column-padding   avia-builder-el-20  el_after_av_one_half  el_before_av_one_half  column-top-margin\" style='border-radius:0px; '><div  class='avia-button-wrap avia-button-center  avia-builder-el-21  avia-builder-el-no-sibling ' ><a href='https:\/\/www.smico.fr\/?page_id=4110' class='avia-button avia-button-fullwidth  avia-font-color-theme-color avia-icon_select-no avia-color-aqua '  target=\"_blank\"  rel=\"noopener noreferrer\"  ><span class='avia_iconbox_title' >TRUCS ET ASTUCES<\/span><div class='av-button-description av-button-description-below'><p>Tutoriels du SMICO<\/p>\n<\/div><span class='avia_button_background avia-button avia-button-fullwidth avia-color-light' ><\/span><\/a><\/div><\/div><div class=\"flex_column av_one_half  flex_column_div av-zero-column-padding first  avia-builder-el-22  el_after_av_one_half  el_before_av_one_half  column-top-margin\" style='border-radius:0px; '><div  class='avia-button-wrap avia-button-center  avia-builder-el-23  avia-builder-el-no-sibling ' ><a href='https:\/\/aireppnet.insee.fr\/' class='avia-button avia-button-fullwidth  avia-font-color-theme-color avia-icon_select-no avia-color-teal ' target=\"_blank\" rel=\"noopener noreferrer\"><span class='avia_iconbox_title' >INSEE<\/span><div class='av-button-description av-button-description-below'><p>D\u00e9p\u00f4t &amp; Saisie unitaire des Actes d&rsquo;\u00e9tat civil<\/p>\n<\/div><span class='avia_button_background avia-button avia-button-fullwidth avia-color-light' ><\/span><\/a><\/div><\/div><div class=\"flex_column av_one_half  flex_column_div av-zero-column-padding   avia-builder-el-24  el_after_av_one_half  avia-builder-el-last  column-top-margin\" style='border-radius:0px; '><div  class='avia-button-wrap avia-button-center  avia-builder-el-25  avia-builder-el-no-sibling ' ><a href='https:\/\/smico.campagne-marketing.com\/espace-client\/connexion' class='avia-button avia-button-fullwidth  avia-font-color-theme-color avia-icon_select-no avia-color-teal ' target=\"_blank\" rel=\"noopener noreferrer\"><span class='avia_iconbox_title' >H\u00c9O<\/span><div class='av-button-description av-button-description-below'><p>Communication multicanal (Email, sms, t\u00e9l\u00e9phone et courrier)<\/p>\n<\/div><span class='avia_button_background avia-button avia-button-fullwidth avia-color-light' ><\/span><\/a><\/div><\/div>\n","protected":false},"excerpt":{"rendered":"","protected":false},"author":2,"featured_media":0,"parent":0,"menu_order":0,"comment_status":"closed","ping_status":"closed","template":"","meta":{"footnotes":""},"class_list":["post-12090","page","type-page","status-publish","hentry"],"_links":{"self":[{"href":"https:\/\/www.smico.fr\/index.php?rest_route=\/wp\/v2\/pages\/12090","targetHints":{"allow":["GET"]}}],"collection":[{"href":"https:\/\/www.smico.fr\/index.php?rest_route=\/wp\/v2\/pages"}],"about":[{"href":"https:\/\/www.smico.fr\/index.php?rest_route=\/wp\/v2\/types\/page"}],"author":[{"embeddable":true,"href":"https:\/\/www.smico.fr\/index.php?rest_route=\/wp\/v2\/users\/2"}],"replies":[{"embeddable":true,"href":"https:\/\/www.smico.fr\/index.php?rest_route=%2Fwp%2Fv2%2Fcomments&post=12090"}],"version-history":[{"count":301,"href":"https:\/\/www.smico.fr\/index.php?rest_route=\/wp\/v2\/pages\/12090\/revisions"}],"predecessor-version":[{"id":15588,"href":"https:\/\/www.smico.fr\/index.php?rest_route=\/wp\/v2\/pages\/12090\/revisions\/15588"}],"wp:attachment":[{"href":"https:\/\/www.smico.fr\/index.php?rest_route=%2Fwp%2Fv2%2Fmedia&parent=12090"}],"curies":[{"name":"wp","href":"https:\/\/api.w.org\/{rel}","templated":true}]}}