{"id":10946,"date":"2021-04-20T09:06:41","date_gmt":"2021-04-20T07:06:41","guid":{"rendered":"https:\/\/www.smico.fr\/?page_id=10946"},"modified":"2021-04-21T16:45:06","modified_gmt":"2021-04-21T14:45:06","slug":"mentions-legales","status":"publish","type":"page","link":"https:\/\/www.smico.fr\/?page_id=10946","title":{"rendered":"Mentions l\u00e9gales"},"content":{"rendered":"<p><i>smico.fr<\/i> est le site officiel du : <i>SMICO<\/i> (l\u2019\u00e9diteur)<\/p>\n<p><u>Directeur de la publication<\/u>\u00a0: Monsieur Bellay<br \/>\n<u>R\u00e9daction<\/u>\u00a0: Monsieur Bellay<\/p>\n<p>Pour toute information ou exercice de vos droits RGPD et Informatique et Libert\u00e9s sur les traitements de donn\u00e9es personnelles g\u00e9r\u00e9s par <i>SMICO<\/i>, vous pouvez contacter son d\u00e9l\u00e9gu\u00e9 \u00e0 la protection des donn\u00e9es (DPO) : Monsieur Bellay de <i>smico.fr, <\/i><i>p<\/i>ar courrier sign\u00e9 accompagn\u00e9 de la copie d\u2019un titre d\u2019identit\u00e9 \u00e0 l\u2019adresse suivante : <i>5 rue Georges Meheudin 61200 Argentan<\/i><\/p>\n<p><u>Conditions d&rsquo;utilisation<\/u><\/p>\n<p>Ce site est exploit\u00e9 dans le respect de la l\u00e9gislation fran\u00e7aise. L\u2019utilisation de ce site est r\u00e9gie par les pr\u00e9sentes conditions g\u00e9n\u00e9rales. En utilisant le site, vous reconnaissez avoir pris connaissance de ces conditions et les avoir accept\u00e9es. Celles-ci pourront \u00eatres modifi\u00e9es \u00e0 tout moment et sans pr\u00e9avis. L\u2019\u00e9diteur ne saurait \u00eatre tenu pour responsable en aucune mani\u00e8re d\u2019une mauvaise utilisation du service.<\/p>\n<p><u>Limitation de responsabilit\u00e9<\/u><\/p>\n<p>Les informations contenues sur ce site sont aussi pr\u00e9cises que possibles et le site est p\u00e9riodiquement remis \u00e0 jour, mais peut toutefois contenir des inexactitudes, des omissions ou des lacunes. Si vous constatez une lacune, erreur ou ce qui parait \u00eatre un dysfonctionnement, merci de bien vouloir le signaler par courriel en d\u00e9crivant le probl\u00e8me de la mani\u00e8re la plus pr\u00e9cise possible (page posant probl\u00e8me, action effectu\u00e9e, type d\u2019ordinateur et de navigateur utilis\u00e9, \u2026).<\/p>\n<p>Tout contenu t\u00e9l\u00e9charg\u00e9 se fait aux risques et p\u00e9rils de l\u2019utilisateur et sous sa seule responsabilit\u00e9. <i>SMICO<\/i>, ne saurait \u00eatre tenu responsable d\u2019un quelconque dommage subi par l\u2019ordinateur de l\u2019utilisateur ou d\u2019une quelconque perte de donn\u00e9es cons\u00e9cutives au t\u00e9l\u00e9chargement.<\/p>\n<p>Les liens hypertextes mis en place dans le cadre du pr\u00e9sent site internet en direction d\u2019autres ressources pr\u00e9sentes sur le r\u00e9seau Internet ne sauraient engager la responsabilit\u00e9 de l\u2019\u00e9diteur du site.<\/p>\n<p><u>Droits d&rsquo;utilisation et de reproduction<\/u><\/p>\n<p>Tout le contenu du pr\u00e9sent site, incluant, de fa\u00e7on non limitative, les graphismes, images, textes, vid\u00e9os, animations, sons, logos, gifs et ic\u00f4nes ainsi que leur mise en forme sont la propri\u00e9t\u00e9 exclusive de l\u2019\u00e9diteur du site \u00e0 l\u2019exception des marques, logos ou contenus appartenant \u00e0 d\u2019autres soci\u00e9t\u00e9s partenaires ou auteurs.<\/p>\n<p>Toute reproduction, distribution, modification, adaptation, retransmission ou publication, m\u00eame partielle, de ces diff\u00e9rents \u00e9l\u00e9ments est strictement interdite sans l\u2019accord expr\u00e8s par \u00e9crit de l\u2019\u00e9diteur du site. Cette repr\u00e9sentation ou reproduction, par quelque proc\u00e9d\u00e9 que ce soit, constitue une contrefa\u00e7on sanctionn\u00e9e par les articles L.3335-2 et suivants du Code de la propri\u00e9t\u00e9 intellectuelle. Le non-respect de cette interdiction constitue une contrefa\u00e7on pouvant engager la responsabilit\u00e9 civile et p\u00e9nale du contrefacteur. En outre, les propri\u00e9taires des Contenus copi\u00e9s pourraient intenter une action en justice \u00e0 votre encontre.<\/p>\n<p>Les utilisateurs et visiteurs du site internet peuvent mettre en place un hyperlien en direction de ce site, \u00e0 condition que ce lien s\u2019ouvre dans une nouvelle fen\u00eatre. En particulier, l\u2019ouverture du pr\u00e9sent site au sein d\u2019un cadre (\u00ab framing ou iframe \u00bb), sauf l\u2019autorisation expresse et pr\u00e9alable de l\u2019\u00e9diteur du site.<\/p>\n<p><u>Liens hypertextes<\/u><\/p>\n<p>Le site <i>smico.fr<\/i> propose de nombreux liens vers d\u2019autres sites, essentiellement des sites officiels (gouvernement, institutions, organismes publics, etc.) mais aussi vers des sites d\u2019associations, d\u2019organismes professionnels du secteur \u00e9ducatif ou d\u2019entreprises partenaires sur des op\u00e9rations ponctuelles.<\/p>\n<p>Chaque fois, il est syst\u00e9matiquement pr\u00e9cis\u00e9 vers quel site nous vous proposons d\u2019aller. Ces pages, dont les adresses sont r\u00e9guli\u00e8rement v\u00e9rifi\u00e9es, n\u2019engagent pas la responsabilit\u00e9 de la r\u00e9daction du site qui ne peut \u00eatre tenue pour responsable des contenus vers lesquels ces liens pointent. Ils ne visent qu\u2019\u00e0 permettre \u00e0 l\u2019internaute d\u2019acc\u00e9der plus facilement \u00e0 d\u2019autres ressources documentaires sur le sujet consult\u00e9.<\/p>\n<p><u>Conception Editeur<br \/>\n<\/u><\/p>\n<p><b>Smico<\/b>, 5 rue Georges Meheudin 61200 Argentan \u2013 T\u00e9l\u00e9phone\u00a0: 0 233 126 767 &#8211; contact[@]smico.fr<\/p>\n<p><u>H\u00e9bergement<\/u><\/p>\n<p><strong><span style=\"color: #ff0000;\">Touriciel<\/span><\/strong>, BP 61645, 37016 Tours Cedex 1 &#8211; Virtual Baie Server : Ovh 2 rue Kellermann &#8211; 59100 <em>Roubaix.<\/em><\/p>\n<p><em>\u00a0<\/em><\/p>\n<p><u>Cr\u00e9dits photos<\/u><\/p>\n<p>&nbsp;<\/p>\n","protected":false},"excerpt":{"rendered":"<p>smico.fr est le site officiel du : SMICO (l\u2019\u00e9diteur) Directeur de la publication\u00a0: Monsieur Bellay R\u00e9daction\u00a0: Monsieur Bellay Pour toute information ou exercice de vos droits RGPD et Informatique et [&hellip;]<\/p>\n","protected":false},"author":6,"featured_media":0,"parent":1058,"menu_order":0,"comment_status":"closed","ping_status":"closed","template":"","meta":{"footnotes":""},"class_list":["post-10946","page","type-page","status-publish","hentry"],"_links":{"self":[{"href":"https:\/\/www.smico.fr\/index.php?rest_route=\/wp\/v2\/pages\/10946","targetHints":{"allow":["GET"]}}],"collection":[{"href":"https:\/\/www.smico.fr\/index.php?rest_route=\/wp\/v2\/pages"}],"about":[{"href":"https:\/\/www.smico.fr\/index.php?rest_route=\/wp\/v2\/types\/page"}],"author":[{"embeddable":true,"href":"https:\/\/www.smico.fr\/index.php?rest_route=\/wp\/v2\/users\/6"}],"replies":[{"embeddable":true,"href":"https:\/\/www.smico.fr\/index.php?rest_route=%2Fwp%2Fv2%2Fcomments&post=10946"}],"version-history":[{"count":4,"href":"https:\/\/www.smico.fr\/index.php?rest_route=\/wp\/v2\/pages\/10946\/revisions"}],"predecessor-version":[{"id":10959,"href":"https:\/\/www.smico.fr\/index.php?rest_route=\/wp\/v2\/pages\/10946\/revisions\/10959"}],"up":[{"embeddable":true,"href":"https:\/\/www.smico.fr\/index.php?rest_route=\/wp\/v2\/pages\/1058"}],"wp:attachment":[{"href":"https:\/\/www.smico.fr\/index.php?rest_route=%2Fwp%2Fv2%2Fmedia&parent=10946"}],"curies":[{"name":"wp","href":"https:\/\/api.w.org\/{rel}","templated":true}]}}